{"id":5096,"date":"2025-01-10T13:22:55","date_gmt":"2025-01-10T05:22:55","guid":{"rendered":"http:\/\/www.turnxon.com\/en\/?page_id=5096"},"modified":"2025-01-10T13:26:40","modified_gmt":"2025-01-10T05:26:40","slug":"mexico","status":"publish","type":"page","link":"http:\/\/www.turnxon.com\/en\/?page_id=5096","title":{"rendered":"M\u00e9xico"},"content":{"rendered":"\t\t<div data-elementor-type=\"wp-post\" data-elementor-id=\"5096\" class=\"elementor elementor-5096\" data-elementor-settings=\"[]\">\n\t\t\t\t\t\t<div class=\"elementor-inner\">\n\t\t\t\t\t\t\t<div class=\"elementor-section-wrap\">\n\t\t\t\t\t\t\t<section class=\"elementor-section elementor-top-section elementor-element elementor-element-c622c4b elementor-section-boxed elementor-section-height-default elementor-section-height-default\" data-id=\"c622c4b\" data-element_type=\"section\">\n\t\t\t\t\t\t<div class=\"elementor-container elementor-column-gap-default\">\n\t\t\t\t\t\t\t<div class=\"elementor-row\">\n\t\t\t\t\t<div class=\"elementor-column elementor-col-100 elementor-top-column elementor-element elementor-element-0b506d9\" data-id=\"0b506d9\" data-element_type=\"column\">\n\t\t\t<div class=\"elementor-column-wrap\">\n\t\t\t\t\t\t\t<div class=\"elementor-widget-wrap\">\n\t\t\t\t\t\t\t\t<\/div>\n\t\t\t\t\t<\/div>\n\t\t<\/div>\n\t\t\t\t\t\t\t\t<\/div>\n\t\t\t\t\t<\/div>\n\t\t<\/section>\n\t\t\t\t<section class=\"elementor-section elementor-top-section elementor-element elementor-element-75d168f elementor-section-boxed elementor-section-height-default elementor-section-height-default\" data-id=\"75d168f\" data-element_type=\"section\">\n\t\t\t\t\t\t<div class=\"elementor-container elementor-column-gap-default\">\n\t\t\t\t\t\t\t<div class=\"elementor-row\">\n\t\t\t\t\t<div class=\"elementor-column elementor-col-100 elementor-top-column elementor-element elementor-element-5aabbbf\" data-id=\"5aabbbf\" data-element_type=\"column\">\n\t\t\t<div class=\"elementor-column-wrap elementor-element-populated\">\n\t\t\t\t\t\t\t<div class=\"elementor-widget-wrap\">\n\t\t\t\t\t\t<div class=\"elementor-element elementor-element-b478c27 elementor-widget elementor-widget-text-editor\" data-id=\"b478c27\" data-element_type=\"widget\" data-widget_type=\"text-editor.default\">\n\t\t\t\t<div class=\"elementor-widget-container\">\n\t\t\t\t\t<div class=\"elementor-text-editor elementor-clearfix\"><p style=\"margin-top: 0pt; margin-bottom: 0pt; margin-left: 0in; direction: ltr; unicode-bidi: embed; word-break: normal;\"><span style=\"font-size: 20.0pt; font-family: Calibri; mso-ascii-font-family: Calibri; mso-fareast-font-family: \u5b8b\u4f53; mso-bidi-font-family: Arial; mso-ascii-theme-font: minor-latin; mso-fareast-theme-font: minor-fareast; color: #02b0ed; mso-font-kerning: 12.0pt; language: en-US; font-weight: bold; mso-style-textfill-type: solid; mso-style-textfill-fill-color: #02B0ED; mso-style-textfill-fill-alpha: 100.0%;\"><br><\/span><\/p><p style=\"margin-top: 0pt; margin-bottom: 0pt; margin-left: 0in; direction: ltr; unicode-bidi: embed; word-break: normal;\"><span style=\"font-size: 20.0pt; font-family: Calibri; mso-ascii-font-family: Calibri; mso-fareast-font-family: \u5b8b\u4f53; mso-bidi-font-family: Arial; mso-ascii-theme-font: minor-latin; mso-fareast-theme-font: minor-fareast; color: #02b0ed; mso-font-kerning: 12.0pt; language: en-US; font-weight: bold; mso-style-textfill-type: solid; mso-style-textfill-fill-color: #02B0ED; mso-style-textfill-fill-alpha: 100.0%;\">Cronolog\u00eda de M\u00e9xico:<\/span><\/p>\n<p style=\"margin-top: 0pt; margin-bottom: 0pt; margin-left: 0in; direction: ltr; unicode-bidi: embed; word-break: normal;\"><span style=\"color: #02b0ed; font-family: Calibri; font-size: 20pt; font-weight: bold;\">Soluci\u00f3n integral para piezas de dispositivos m\u00e9dicos&nbsp;<\/span><\/p><\/div>\n\t\t\t\t<\/div>\n\t\t\t\t<\/div>\n\t\t\t\t\t\t<\/div>\n\t\t\t\t\t<\/div>\n\t\t<\/div>\n\t\t\t\t\t\t\t\t<\/div>\n\t\t\t\t\t<\/div>\n\t\t<\/section>\n\t\t\t\t<section class=\"elementor-section elementor-top-section elementor-element elementor-element-6826a30 elementor-section-boxed elementor-section-height-default elementor-section-height-default\" data-id=\"6826a30\" data-element_type=\"section\">\n\t\t\t\t\t\t<div class=\"elementor-container elementor-column-gap-default\">\n\t\t\t\t\t\t\t<div class=\"elementor-row\">\n\t\t\t\t\t<div class=\"elementor-column elementor-col-100 elementor-top-column elementor-element elementor-element-b6fa010\" data-id=\"b6fa010\" data-element_type=\"column\">\n\t\t\t<div class=\"elementor-column-wrap elementor-element-populated\">\n\t\t\t\t\t\t\t<div class=\"elementor-widget-wrap\">\n\t\t\t\t\t\t<div class=\"elementor-element elementor-element-dbac986 elementor-widget elementor-widget-image\" data-id=\"dbac986\" data-element_type=\"widget\" data-widget_type=\"image.default\">\n\t\t\t\t<div class=\"elementor-widget-container\">\n\t\t\t\t\t<div class=\"elementor-image\">\n\t\t\t\t\t\t\t\t\t\t<img width=\"1536\" height=\"924\" src=\"http:\/\/www.turnxon.com\/en\/wp-content\/uploads\/2025\/01\/index1-1536x924.png\" class=\"attachment-1536x1536 size-1536x1536\" alt=\"\" loading=\"lazy\" srcset=\"http:\/\/www.turnxon.com\/en\/wp-content\/uploads\/2025\/01\/index1-1536x924.png 1536w, http:\/\/www.turnxon.com\/en\/wp-content\/uploads\/2025\/01\/index1-300x181.png 300w, http:\/\/www.turnxon.com\/en\/wp-content\/uploads\/2025\/01\/index1-1024x616.png 1024w, http:\/\/www.turnxon.com\/en\/wp-content\/uploads\/2025\/01\/index1-768x462.png 768w, http:\/\/www.turnxon.com\/en\/wp-content\/uploads\/2025\/01\/index1.png 1695w\" sizes=\"(max-width: 1536px) 100vw, 1536px\" \/>\t\t\t\t\t\t\t\t\t\t\t<\/div>\n\t\t\t\t<\/div>\n\t\t\t\t<\/div>\n\t\t\t\t\t\t<\/div>\n\t\t\t\t\t<\/div>\n\t\t<\/div>\n\t\t\t\t\t\t\t\t<\/div>\n\t\t\t\t\t<\/div>\n\t\t<\/section>\n\t\t\t\t\t\t<\/div>\n\t\t\t\t\t\t<\/div>\n\t\t\t\t\t<\/div>\n\t\t","protected":false},"excerpt":{"rendered":"<p>Cronolog\u00eda de M\u00e9xico: Soluci\u00f3n integral para piezas de  [&hellip;]<\/p>\n","protected":false},"author":1,"featured_media":0,"parent":0,"menu_order":0,"comment_status":"closed","ping_status":"closed","template":"","meta":[],"_links":{"self":[{"href":"http:\/\/www.turnxon.com\/en\/index.php?rest_route=\/wp\/v2\/pages\/5096"}],"collection":[{"href":"http:\/\/www.turnxon.com\/en\/index.php?rest_route=\/wp\/v2\/pages"}],"about":[{"href":"http:\/\/www.turnxon.com\/en\/index.php?rest_route=\/wp\/v2\/types\/page"}],"author":[{"embeddable":true,"href":"http:\/\/www.turnxon.com\/en\/index.php?rest_route=\/wp\/v2\/users\/1"}],"replies":[{"embeddable":true,"href":"http:\/\/www.turnxon.com\/en\/index.php?rest_route=%2Fwp%2Fv2%2Fcomments&post=5096"}],"version-history":[{"count":8,"href":"http:\/\/www.turnxon.com\/en\/index.php?rest_route=\/wp\/v2\/pages\/5096\/revisions"}],"predecessor-version":[{"id":5108,"href":"http:\/\/www.turnxon.com\/en\/index.php?rest_route=\/wp\/v2\/pages\/5096\/revisions\/5108"}],"wp:attachment":[{"href":"http:\/\/www.turnxon.com\/en\/index.php?rest_route=%2Fwp%2Fv2%2Fmedia&parent=5096"}],"curies":[{"name":"wp","href":"https:\/\/api.w.org\/{rel}","templated":true}]}}