{"id":5126,"date":"2025-01-10T13:35:37","date_gmt":"2025-01-10T05:35:37","guid":{"rendered":"http:\/\/www.turnxon.com\/en\/?page_id=5126"},"modified":"2025-01-10T13:38:17","modified_gmt":"2025-01-10T05:38:17","slug":"elementor-5126","status":"publish","type":"page","link":"http:\/\/www.turnxon.com\/en\/?page_id=5126","title":{"rendered":"Sobre nosotros"},"content":{"rendered":"\t\t<div data-elementor-type=\"wp-post\" data-elementor-id=\"5126\" class=\"elementor elementor-5126\" data-elementor-settings=\"[]\">\n\t\t\t\t\t\t<div class=\"elementor-inner\">\n\t\t\t\t\t\t\t<div class=\"elementor-section-wrap\">\n\t\t\t\t\t\t\t<section class=\"elementor-section elementor-top-section elementor-element elementor-element-61df202 elementor-section-boxed elementor-section-height-default elementor-section-height-default\" data-id=\"61df202\" data-element_type=\"section\">\n\t\t\t\t\t\t<div class=\"elementor-container elementor-column-gap-default\">\n\t\t\t\t\t\t\t<div class=\"elementor-row\">\n\t\t\t\t\t<div class=\"elementor-column elementor-col-100 elementor-top-column elementor-element elementor-element-ff4e904\" data-id=\"ff4e904\" data-element_type=\"column\">\n\t\t\t<div class=\"elementor-column-wrap\">\n\t\t\t\t\t\t\t<div class=\"elementor-widget-wrap\">\n\t\t\t\t\t\t\t\t<\/div>\n\t\t\t\t\t<\/div>\n\t\t<\/div>\n\t\t\t\t\t\t\t\t<\/div>\n\t\t\t\t\t<\/div>\n\t\t<\/section>\n\t\t\t\t<section class=\"elementor-section elementor-top-section elementor-element elementor-element-9eec27b elementor-section-boxed elementor-section-height-default elementor-section-height-default\" data-id=\"9eec27b\" data-element_type=\"section\">\n\t\t\t\t\t\t<div class=\"elementor-container elementor-column-gap-default\">\n\t\t\t\t\t\t\t<div class=\"elementor-row\">\n\t\t\t\t\t<div class=\"elementor-column elementor-col-100 elementor-top-column elementor-element elementor-element-da8e9f5\" data-id=\"da8e9f5\" data-element_type=\"column\">\n\t\t\t<div class=\"elementor-column-wrap elementor-element-populated\">\n\t\t\t\t\t\t\t<div class=\"elementor-widget-wrap\">\n\t\t\t\t\t\t<div class=\"elementor-element elementor-element-c2d809e elementor-widget elementor-widget-text-editor\" data-id=\"c2d809e\" data-element_type=\"widget\" data-widget_type=\"text-editor.default\">\n\t\t\t\t<div class=\"elementor-widget-container\">\n\t\t\t\t\t<div class=\"elementor-text-editor elementor-clearfix\"><p style=\"margin-top: 0pt; margin-bottom: 0pt; margin-left: 0in; direction: ltr; unicode-bidi: embed; word-break: normal;\"><span style=\"font-size: 20.0pt; font-family: Calibri; mso-ascii-font-family: Calibri; mso-fareast-font-family: \u5b8b\u4f53; mso-bidi-font-family: Arial; mso-ascii-theme-font: minor-latin; mso-fareast-theme-font: minor-fareast; color: #02b0ed; mso-font-kerning: 12.0pt; language: en-US; font-weight: bold; mso-style-textfill-type: solid; mso-style-textfill-fill-color: #02B0ED; mso-style-textfill-fill-alpha: 100.0%;\">\u00a0<\/span><\/p>\n<p style=\"margin-top: 0pt; margin-bottom: 0pt; margin-left: 0in; direction: ltr; unicode-bidi: embed; word-break: normal;\"><span style=\"font-size: 20pt; font-family: Calibri; color: #02b0ed; font-weight: bold;\">Informaci\u00f3n sobre la planta de M\u00e9xico<\/span><span style=\"color: #02b0ed; font-family: Calibri; font-size: 20pt; font-weight: bold;\">\u00a0<\/span><\/p><\/div>\n\t\t\t\t<\/div>\n\t\t\t\t<\/div>\n\t\t\t\t\t\t<\/div>\n\t\t\t\t\t<\/div>\n\t\t<\/div>\n\t\t\t\t\t\t\t\t<\/div>\n\t\t\t\t\t<\/div>\n\t\t<\/section>\n\t\t\t\t<section class=\"elementor-section elementor-top-section elementor-element elementor-element-97f4ff1 elementor-section-boxed elementor-section-height-default elementor-section-height-default\" data-id=\"97f4ff1\" data-element_type=\"section\">\n\t\t\t\t\t\t<div class=\"elementor-container elementor-column-gap-default\">\n\t\t\t\t\t\t\t<div class=\"elementor-row\">\n\t\t\t\t\t<div class=\"elementor-column elementor-col-100 elementor-top-column elementor-element elementor-element-8075a55\" data-id=\"8075a55\" data-element_type=\"column\">\n\t\t\t<div class=\"elementor-column-wrap elementor-element-populated\">\n\t\t\t\t\t\t\t<div class=\"elementor-widget-wrap\">\n\t\t\t\t\t\t<div class=\"elementor-element elementor-element-2cc11e2 elementor-widget elementor-widget-image\" data-id=\"2cc11e2\" data-element_type=\"widget\" data-widget_type=\"image.default\">\n\t\t\t\t<div class=\"elementor-widget-container\">\n\t\t\t\t\t<div class=\"elementor-image\">\n\t\t\t\t\t\t\t\t\t\t<img width=\"1536\" height=\"874\" src=\"http:\/\/www.turnxon.com\/en\/wp-content\/uploads\/2025\/01\/index3-1536x874.png\" class=\"attachment-1536x1536 size-1536x1536\" alt=\"\" loading=\"lazy\" srcset=\"http:\/\/www.turnxon.com\/en\/wp-content\/uploads\/2025\/01\/index3-1536x874.png 1536w, http:\/\/www.turnxon.com\/en\/wp-content\/uploads\/2025\/01\/index3-300x171.png 300w, http:\/\/www.turnxon.com\/en\/wp-content\/uploads\/2025\/01\/index3-1024x583.png 1024w, http:\/\/www.turnxon.com\/en\/wp-content\/uploads\/2025\/01\/index3-768x437.png 768w, http:\/\/www.turnxon.com\/en\/wp-content\/uploads\/2025\/01\/index3.png 1698w\" sizes=\"(max-width: 1536px) 100vw, 1536px\" \/>\t\t\t\t\t\t\t\t\t\t\t<\/div>\n\t\t\t\t<\/div>\n\t\t\t\t<\/div>\n\t\t\t\t\t\t<\/div>\n\t\t\t\t\t<\/div>\n\t\t<\/div>\n\t\t\t\t\t\t\t\t<\/div>\n\t\t\t\t\t<\/div>\n\t\t<\/section>\n\t\t\t\t\t\t<\/div>\n\t\t\t\t\t\t<\/div>\n\t\t\t\t\t<\/div>\n\t\t","protected":false},"excerpt":{"rendered":"<p>Informaci\u00f3n sobre la planta de M\u00e9xico&nbsp; Informaci\u00f3n [&hellip;]<\/p>\n","protected":false},"author":1,"featured_media":0,"parent":0,"menu_order":0,"comment_status":"closed","ping_status":"closed","template":"","meta":[],"_links":{"self":[{"href":"http:\/\/www.turnxon.com\/en\/index.php?rest_route=\/wp\/v2\/pages\/5126"}],"collection":[{"href":"http:\/\/www.turnxon.com\/en\/index.php?rest_route=\/wp\/v2\/pages"}],"about":[{"href":"http:\/\/www.turnxon.com\/en\/index.php?rest_route=\/wp\/v2\/types\/page"}],"author":[{"embeddable":true,"href":"http:\/\/www.turnxon.com\/en\/index.php?rest_route=\/wp\/v2\/users\/1"}],"replies":[{"embeddable":true,"href":"http:\/\/www.turnxon.com\/en\/index.php?rest_route=%2Fwp%2Fv2%2Fcomments&post=5126"}],"version-history":[{"count":5,"href":"http:\/\/www.turnxon.com\/en\/index.php?rest_route=\/wp\/v2\/pages\/5126\/revisions"}],"predecessor-version":[{"id":5132,"href":"http:\/\/www.turnxon.com\/en\/index.php?rest_route=\/wp\/v2\/pages\/5126\/revisions\/5132"}],"wp:attachment":[{"href":"http:\/\/www.turnxon.com\/en\/index.php?rest_route=%2Fwp%2Fv2%2Fmedia&parent=5126"}],"curies":[{"name":"wp","href":"https:\/\/api.w.org\/{rel}","templated":true}]}}